{"id":3784,"date":"2024-11-26T12:54:13","date_gmt":"2024-11-26T11:54:13","guid":{"rendered":"https:\/\/ashbcc.com\/?page_id=3784"},"modified":"2024-11-26T13:07:48","modified_gmt":"2024-11-26T12:07:48","slug":"plan-du-site","status":"publish","type":"page","link":"https:\/\/ashbcc.com\/index.php\/plan-du-site\/","title":{"rendered":"PLAN DU SITE"},"content":{"rendered":"\t\t<div data-elementor-type=\"wp-page\" data-elementor-id=\"3784\" class=\"elementor elementor-3784\">\n\t\t\t\t<div class=\"elementor-element elementor-element-19dec55 e-flex e-con-boxed wpr-particle-no wpr-jarallax-no wpr-parallax-no wpr-sticky-section-no wpr-column-slider-no wpr-equal-height-no elementor-invisible e-con e-parent\" data-id=\"19dec55\" data-element_type=\"container\" data-e-type=\"container\" data-settings=\"{&quot;animation&quot;:&quot;fadeInDown&quot;}\">\n\t\t\t\t\t<div class=\"e-con-inner\">\n\t\t<div class=\"elementor-element elementor-element-8838013 e-con-full e-flex wpr-particle-no wpr-jarallax-no wpr-parallax-no wpr-sticky-section-no wpr-column-slider-no wpr-equal-height-no e-con e-child\" data-id=\"8838013\" data-element_type=\"container\" data-e-type=\"container\">\n\t\t\t\t<div class=\"elementor-element elementor-element-a2e2a6a elementor-widget elementor-widget-heading\" data-id=\"a2e2a6a\" data-element_type=\"widget\" data-e-type=\"widget\" data-widget_type=\"heading.default\">\n\t\t\t\t\t<h2 class=\"elementor-heading-title elementor-size-default\">PLAN DU SITE<\/h2>\t\t\t\t<\/div>\n\t\t\t\t<\/div>\n\t\t\t\t\t<\/div>\n\t\t\t\t<\/div>\n\t\t<div class=\"elementor-element elementor-element-d74a7d1 e-flex e-con-boxed wpr-particle-no wpr-jarallax-no wpr-parallax-no wpr-sticky-section-no wpr-column-slider-no wpr-equal-height-no e-con e-parent\" data-id=\"d74a7d1\" data-element_type=\"container\" data-e-type=\"container\">\n\t\t\t\t\t<div class=\"e-con-inner\">\n\t\t\t\t<div class=\"elementor-element elementor-element-c359108 elementor-widget elementor-widget-text-editor\" data-id=\"c359108\" data-element_type=\"widget\" data-e-type=\"widget\" data-widget_type=\"text-editor.default\">\n\t\t\t\t\t\t\t\t\t<ul><li><strong><a href=\"https:\/\/ashbcc.com\">ACCUEIL<\/a><\/strong><\/li><li><strong>LE CLUB<\/strong><ul><li><a href=\"https:\/\/ashbcc.com\/index.php\/notre-histoire\/\">NOTRE HISTOIRE<\/a><\/li><li><a href=\"https:\/\/ashbcc.com\/index.php\/manifestations\/\">MANIFESTATIONS<\/a><\/li><li><a href=\"https:\/\/ashbcc.com\/index.php\/horaires-et-lieux-dentrainement\/\">HORAIRES ET LIEUX D&rsquo;ENTRAINEMENT<\/a><\/li><li><a href=\"https:\/\/ashbcc.com\/index.php\/avantages-licencie\/\">AVANTAGES LICENCIE<\/a><\/li><li><a href=\"https:\/\/ashbcc.com\/index.php\/deviens-handballeur\/\">DEVIENS HANDBALLEUR<\/a><\/li><li><a href=\"https:\/\/ashbcc.com\/index.php\/charte-du-club\/\">CHARTE DU CLUB<\/a><\/li><li><a href=\"https:\/\/ashbcc.com\/index.php\/organigramme\/\">ORGANIGRAMME<\/a><\/li><\/ul><\/li><li><strong><a href=\"https:\/\/ashbcc.com\/index.php\/nos-equipes\/\">NOS \u00c9QUIPES<\/a><\/strong><\/li><li><strong><a href=\"https:\/\/ashbcc.com\/index.php\/devenir-benevole\/\">DEVENIR B\u00c9N\u00c9VOLE<\/a><\/strong><\/li><li><strong>PARTENAIRES<\/strong><ul><li><a href=\"https:\/\/ashbcc.com\/index.php\/nos-offres\/\">NOS OFFRES<\/a><\/li><li><a href=\"https:\/\/ashbcc.com\/index.php\/nos-projets\/\">NOS PROJETS<\/a><\/li><li><a href=\"https:\/\/ashbcc.com\/index.php\/ils-nous-font-confiance\/\">ILS NOUS FONT CONFIANCE<\/a><\/li><\/ul><\/li><li><strong><a href=\"https:\/\/ashbcc.com\/index.php\/boutique\/\">BOUTIQUE<\/a><\/strong><\/li><li><a href=\"https:\/\/ashbcc.com\/index.php\/contact\/\"><strong>CONTACT<\/strong><\/a><\/li><\/ul>\t\t\t\t\t\t\t\t<\/div>\n\t\t\t\t\t<\/div>\n\t\t\t\t<\/div>\n\t\t\t\t<\/div>\n\t\t","protected":false},"excerpt":{"rendered":"<p>PLAN DU SITE ACCUEIL LE CLUB NOTRE HISTOIRE MANIFESTATIONS HORAIRES ET LIEUX D&rsquo;ENTRAINEMENT AVANTAGES LICENCIE DEVIENS HANDBALLEUR CHARTE DU CLUB ORGANIGRAMME NOS \u00c9QUIPES DEVENIR B\u00c9N\u00c9VOLE PARTENAIRES NOS OFFRES NOS PROJETS ILS NOUS FONT CONFIANCE BOUTIQUE CONTACT<\/p>\n","protected":false},"author":1,"featured_media":0,"parent":0,"menu_order":0,"comment_status":"closed","ping_status":"closed","template":"","meta":{"ocean_post_layout":"full-width","ocean_both_sidebars_style":"","ocean_both_sidebars_content_width":0,"ocean_both_sidebars_sidebars_width":0,"ocean_sidebar":"","ocean_second_sidebar":"","ocean_disable_margins":"enable","ocean_add_body_class":"","ocean_shortcode_before_top_bar":"","ocean_shortcode_after_top_bar":"","ocean_shortcode_before_header":"","ocean_shortcode_after_header":"","ocean_has_shortcode":"","ocean_shortcode_after_title":"","ocean_shortcode_before_footer_widgets":"","ocean_shortcode_after_footer_widgets":"","ocean_shortcode_before_footer_bottom":"","ocean_shortcode_after_footer_bottom":"","ocean_display_top_bar":"default","ocean_display_header":"default","ocean_header_style":"","ocean_center_header_left_menu":"","ocean_custom_header_template":"","ocean_custom_logo":0,"ocean_custom_retina_logo":0,"ocean_custom_logo_max_width":0,"ocean_custom_logo_tablet_max_width":0,"ocean_custom_logo_mobile_max_width":0,"ocean_custom_logo_max_height":0,"ocean_custom_logo_tablet_max_height":0,"ocean_custom_logo_mobile_max_height":0,"ocean_header_custom_menu":"","ocean_menu_typo_font_family":"","ocean_menu_typo_font_subset":"","ocean_menu_typo_font_size":0,"ocean_menu_typo_font_size_tablet":0,"ocean_menu_typo_font_size_mobile":0,"ocean_menu_typo_font_size_unit":"px","ocean_menu_typo_font_weight":"","ocean_menu_typo_font_weight_tablet":"","ocean_menu_typo_font_weight_mobile":"","ocean_menu_typo_transform":"","ocean_menu_typo_transform_tablet":"","ocean_menu_typo_transform_mobile":"","ocean_menu_typo_line_height":0,"ocean_menu_typo_line_height_tablet":0,"ocean_menu_typo_line_height_mobile":0,"ocean_menu_typo_line_height_unit":"","ocean_menu_typo_spacing":0,"ocean_menu_typo_spacing_tablet":0,"ocean_menu_typo_spacing_mobile":0,"ocean_menu_typo_spacing_unit":"","ocean_menu_link_color":"","ocean_menu_link_color_hover":"","ocean_menu_link_color_active":"","ocean_menu_link_background":"","ocean_menu_link_hover_background":"","ocean_menu_link_active_background":"","ocean_menu_social_links_bg":"","ocean_menu_social_hover_links_bg":"","ocean_menu_social_links_color":"","ocean_menu_social_hover_links_color":"","ocean_disable_title":"default","ocean_disable_heading":"default","ocean_post_title":"","ocean_post_subheading":"","ocean_post_title_style":"","ocean_post_title_background_color":"","ocean_post_title_background":0,"ocean_post_title_bg_image_position":"","ocean_post_title_bg_image_attachment":"","ocean_post_title_bg_image_repeat":"","ocean_post_title_bg_image_size":"","ocean_post_title_height":0,"ocean_post_title_bg_overlay":0.5,"ocean_post_title_bg_overlay_color":"","ocean_disable_breadcrumbs":"default","ocean_breadcrumbs_color":"","ocean_breadcrumbs_separator_color":"","ocean_breadcrumbs_links_color":"","ocean_breadcrumbs_links_hover_color":"","ocean_display_footer_widgets":"default","ocean_display_footer_bottom":"default","ocean_custom_footer_template":"","footnotes":""},"class_list":["post-3784","page","type-page","status-publish","hentry","entry"],"yoast_head":"<!-- This site is optimized with the Yoast SEO plugin v27.6 - https:\/\/yoast.com\/product\/yoast-seo-wordpress\/ -->\n<title>PLAN DU SITE - Site officiel ASHBCC<\/title>\n<meta name=\"robots\" content=\"index, follow, max-snippet:-1, max-image-preview:large, max-video-preview:-1\" \/>\n<link rel=\"canonical\" href=\"https:\/\/ashbcc.com\/index.php\/plan-du-site\/\" \/>\n<meta property=\"og:locale\" content=\"fr_FR\" \/>\n<meta property=\"og:type\" content=\"article\" \/>\n<meta property=\"og:title\" content=\"PLAN DU SITE - Site officiel ASHBCC\" \/>\n<meta property=\"og:description\" content=\"PLAN DU SITE ACCUEIL LE CLUB NOTRE HISTOIRE MANIFESTATIONS HORAIRES ET LIEUX D&rsquo;ENTRAINEMENT AVANTAGES LICENCIE DEVIENS HANDBALLEUR CHARTE DU CLUB ORGANIGRAMME NOS \u00c9QUIPES DEVENIR B\u00c9N\u00c9VOLE PARTENAIRES NOS OFFRES NOS PROJETS ILS NOUS FONT CONFIANCE BOUTIQUE CONTACT\" \/>\n<meta property=\"og:url\" content=\"https:\/\/ashbcc.com\/index.php\/plan-du-site\/\" \/>\n<meta property=\"og:site_name\" content=\"Site officiel ASHBCC\" \/>\n<meta property=\"article:publisher\" content=\"https:\/\/www.facebook.com\/ashbcchalon\" \/>\n<meta property=\"article:modified_time\" content=\"2024-11-26T12:07:48+00:00\" \/>\n<meta name=\"twitter:card\" content=\"summary_large_image\" \/>\n<meta name=\"twitter:label1\" content=\"Dur\u00e9e de lecture estim\u00e9e\" \/>\n\t<meta name=\"twitter:data1\" content=\"1 minute\" \/>\n<script type=\"application\/ld+json\" class=\"yoast-schema-graph\">{\"@context\":\"https:\\\/\\\/schema.org\",\"@graph\":[{\"@type\":\"WebPage\",\"@id\":\"https:\\\/\\\/ashbcc.com\\\/index.php\\\/plan-du-site\\\/\",\"url\":\"https:\\\/\\\/ashbcc.com\\\/index.php\\\/plan-du-site\\\/\",\"name\":\"PLAN DU SITE - Site officiel ASHBCC\",\"isPartOf\":{\"@id\":\"https:\\\/\\\/ashbcc.com\\\/#website\"},\"datePublished\":\"2024-11-26T11:54:13+00:00\",\"dateModified\":\"2024-11-26T12:07:48+00:00\",\"breadcrumb\":{\"@id\":\"https:\\\/\\\/ashbcc.com\\\/index.php\\\/plan-du-site\\\/#breadcrumb\"},\"inLanguage\":\"fr-FR\",\"potentialAction\":[{\"@type\":\"ReadAction\",\"target\":[\"https:\\\/\\\/ashbcc.com\\\/index.php\\\/plan-du-site\\\/\"]}]},{\"@type\":\"BreadcrumbList\",\"@id\":\"https:\\\/\\\/ashbcc.com\\\/index.php\\\/plan-du-site\\\/#breadcrumb\",\"itemListElement\":[{\"@type\":\"ListItem\",\"position\":1,\"name\":\"Accueil\",\"item\":\"https:\\\/\\\/ashbcc.com\\\/\"},{\"@type\":\"ListItem\",\"position\":2,\"name\":\"PLAN DU SITE\"}]},{\"@type\":\"WebSite\",\"@id\":\"https:\\\/\\\/ashbcc.com\\\/#website\",\"url\":\"https:\\\/\\\/ashbcc.com\\\/\",\"name\":\"ashbcc.com\",\"description\":\"FIERS DE NOS COULEURS\",\"publisher\":{\"@id\":\"https:\\\/\\\/ashbcc.com\\\/#organization\"},\"potentialAction\":[{\"@type\":\"SearchAction\",\"target\":{\"@type\":\"EntryPoint\",\"urlTemplate\":\"https:\\\/\\\/ashbcc.com\\\/?s={search_term_string}\"},\"query-input\":{\"@type\":\"PropertyValueSpecification\",\"valueRequired\":true,\"valueName\":\"search_term_string\"}}],\"inLanguage\":\"fr-FR\"},{\"@type\":\"Organization\",\"@id\":\"https:\\\/\\\/ashbcc.com\\\/#organization\",\"name\":\"ASHBCC\",\"url\":\"https:\\\/\\\/ashbcc.com\\\/\",\"logo\":{\"@type\":\"ImageObject\",\"inLanguage\":\"fr-FR\",\"@id\":\"https:\\\/\\\/ashbcc.com\\\/#\\\/schema\\\/logo\\\/image\\\/\",\"url\":\"https:\\\/\\\/ashbcc.com\\\/wp-content\\\/uploads\\\/2024\\\/05\\\/Logo-Actuel-Bleu-PNG.png\",\"contentUrl\":\"https:\\\/\\\/ashbcc.com\\\/wp-content\\\/uploads\\\/2024\\\/05\\\/Logo-Actuel-Bleu-PNG.png\",\"width\":2000,\"height\":2000,\"caption\":\"ASHBCC\"},\"image\":{\"@id\":\"https:\\\/\\\/ashbcc.com\\\/#\\\/schema\\\/logo\\\/image\\\/\"},\"sameAs\":[\"https:\\\/\\\/www.facebook.com\\\/ashbcchalon\",\"https:\\\/\\\/www.instagram.com\\\/ashbcc_officiel\\\/\"]}]}<\/script>\n<!-- \/ Yoast SEO plugin. -->","yoast_head_json":{"title":"PLAN DU SITE - Site officiel ASHBCC","robots":{"index":"index","follow":"follow","max-snippet":"max-snippet:-1","max-image-preview":"max-image-preview:large","max-video-preview":"max-video-preview:-1"},"canonical":"https:\/\/ashbcc.com\/index.php\/plan-du-site\/","og_locale":"fr_FR","og_type":"article","og_title":"PLAN DU SITE - Site officiel ASHBCC","og_description":"PLAN DU SITE ACCUEIL LE CLUB NOTRE HISTOIRE MANIFESTATIONS HORAIRES ET LIEUX D&rsquo;ENTRAINEMENT AVANTAGES LICENCIE DEVIENS HANDBALLEUR CHARTE DU CLUB ORGANIGRAMME NOS \u00c9QUIPES DEVENIR B\u00c9N\u00c9VOLE PARTENAIRES NOS OFFRES NOS PROJETS ILS NOUS FONT CONFIANCE BOUTIQUE CONTACT","og_url":"https:\/\/ashbcc.com\/index.php\/plan-du-site\/","og_site_name":"Site officiel ASHBCC","article_publisher":"https:\/\/www.facebook.com\/ashbcchalon","article_modified_time":"2024-11-26T12:07:48+00:00","twitter_card":"summary_large_image","twitter_misc":{"Dur\u00e9e de lecture estim\u00e9e":"1 minute"},"schema":{"@context":"https:\/\/schema.org","@graph":[{"@type":"WebPage","@id":"https:\/\/ashbcc.com\/index.php\/plan-du-site\/","url":"https:\/\/ashbcc.com\/index.php\/plan-du-site\/","name":"PLAN DU SITE - Site officiel ASHBCC","isPartOf":{"@id":"https:\/\/ashbcc.com\/#website"},"datePublished":"2024-11-26T11:54:13+00:00","dateModified":"2024-11-26T12:07:48+00:00","breadcrumb":{"@id":"https:\/\/ashbcc.com\/index.php\/plan-du-site\/#breadcrumb"},"inLanguage":"fr-FR","potentialAction":[{"@type":"ReadAction","target":["https:\/\/ashbcc.com\/index.php\/plan-du-site\/"]}]},{"@type":"BreadcrumbList","@id":"https:\/\/ashbcc.com\/index.php\/plan-du-site\/#breadcrumb","itemListElement":[{"@type":"ListItem","position":1,"name":"Accueil","item":"https:\/\/ashbcc.com\/"},{"@type":"ListItem","position":2,"name":"PLAN DU SITE"}]},{"@type":"WebSite","@id":"https:\/\/ashbcc.com\/#website","url":"https:\/\/ashbcc.com\/","name":"ashbcc.com","description":"FIERS DE NOS COULEURS","publisher":{"@id":"https:\/\/ashbcc.com\/#organization"},"potentialAction":[{"@type":"SearchAction","target":{"@type":"EntryPoint","urlTemplate":"https:\/\/ashbcc.com\/?s={search_term_string}"},"query-input":{"@type":"PropertyValueSpecification","valueRequired":true,"valueName":"search_term_string"}}],"inLanguage":"fr-FR"},{"@type":"Organization","@id":"https:\/\/ashbcc.com\/#organization","name":"ASHBCC","url":"https:\/\/ashbcc.com\/","logo":{"@type":"ImageObject","inLanguage":"fr-FR","@id":"https:\/\/ashbcc.com\/#\/schema\/logo\/image\/","url":"https:\/\/ashbcc.com\/wp-content\/uploads\/2024\/05\/Logo-Actuel-Bleu-PNG.png","contentUrl":"https:\/\/ashbcc.com\/wp-content\/uploads\/2024\/05\/Logo-Actuel-Bleu-PNG.png","width":2000,"height":2000,"caption":"ASHBCC"},"image":{"@id":"https:\/\/ashbcc.com\/#\/schema\/logo\/image\/"},"sameAs":["https:\/\/www.facebook.com\/ashbcchalon","https:\/\/www.instagram.com\/ashbcc_officiel\/"]}]}},"_links":{"self":[{"href":"https:\/\/ashbcc.com\/index.php\/wp-json\/wp\/v2\/pages\/3784","targetHints":{"allow":["GET"]}}],"collection":[{"href":"https:\/\/ashbcc.com\/index.php\/wp-json\/wp\/v2\/pages"}],"about":[{"href":"https:\/\/ashbcc.com\/index.php\/wp-json\/wp\/v2\/types\/page"}],"author":[{"embeddable":true,"href":"https:\/\/ashbcc.com\/index.php\/wp-json\/wp\/v2\/users\/1"}],"replies":[{"embeddable":true,"href":"https:\/\/ashbcc.com\/index.php\/wp-json\/wp\/v2\/comments?post=3784"}],"version-history":[{"count":4,"href":"https:\/\/ashbcc.com\/index.php\/wp-json\/wp\/v2\/pages\/3784\/revisions"}],"predecessor-version":[{"id":3789,"href":"https:\/\/ashbcc.com\/index.php\/wp-json\/wp\/v2\/pages\/3784\/revisions\/3789"}],"wp:attachment":[{"href":"https:\/\/ashbcc.com\/index.php\/wp-json\/wp\/v2\/media?parent=3784"}],"curies":[{"name":"wp","href":"https:\/\/api.w.org\/{rel}","templated":true}]}}